{"id":2941,"date":"2025-04-23T11:04:31","date_gmt":"2025-04-23T11:04:31","guid":{"rendered":"https:\/\/bergamoaltasuite.it\/info\/"},"modified":"2025-05-12T12:29:08","modified_gmt":"2025-05-12T12:29:08","slug":"info","status":"publish","type":"page","link":"https:\/\/bergamoaltasuite.it\/fr\/info\/","title":{"rendered":"Info"},"content":{"rendered":"\t\t<div data-elementor-type=\"wp-page\" data-elementor-id=\"2941\" class=\"elementor elementor-2941 elementor-2919\" data-elementor-post-type=\"page\">\n\t\t\t\t<div class=\"elementor-element elementor-element-66ec321 e-flex e-con-boxed e-con e-parent\" data-id=\"66ec321\" data-element_type=\"container\" data-e-type=\"container\">\n\t\t\t\t\t<div class=\"e-con-inner\">\n\t\t\t\t<div class=\"elementor-element elementor-element-eaeb68c elementor-widget elementor-widget-text-editor\" data-id=\"eaeb68c\" data-element_type=\"widget\" data-e-type=\"widget\" data-widget_type=\"text-editor.default\">\n\t\t\t\t<div class=\"elementor-widget-container\">\n\t\t\t\t\t\t\t\t\t<p>A partir de 350\u20ac la nuit (hors frais de m\u00e9nage et taxe de s\u00e9jour) vous aurez \u00e0 votre disposition<br>une maison au coeur de Bergame Alta avec 3 chambres et 9 lits.<\/p>\t\t\t\t\t\t\t\t<\/div>\n\t\t\t\t<\/div>\n\t\t\t\t\t<\/div>\n\t\t\t\t<\/div>\n\t\t<div class=\"elementor-element elementor-element-4b21259 elementor-hidden-desktop elementor-hidden-tablet e-flex e-con-boxed e-con e-parent\" data-id=\"4b21259\" data-element_type=\"container\" data-e-type=\"container\">\n\t\t\t\t\t<div class=\"e-con-inner\">\n\t\t\t\t<div class=\"elementor-element elementor-element-dcf5ad5 elementor-widget elementor-widget-text-editor\" data-id=\"dcf5ad5\" data-element_type=\"widget\" data-e-type=\"widget\" data-widget_type=\"text-editor.default\">\n\t\t\t\t<div class=\"elementor-widget-container\">\n\t\t\t\t\t\t\t\t\t<p>Pour information et\/ou r\u00e9servation <\/p><p><a href=\"tel:%20+393475947151\"><strong>+ 39 347.5947151<\/strong><\/a><\/p><p>ou \u00e9crivez \u00e0<\/p><p><strong><a href=\"mailto:bergamoaltasuite@gmail.com\">  bergamoaltasuite@gmail.com<\/a><\/strong><\/p>\t\t\t\t\t\t\t\t<\/div>\n\t\t\t\t<\/div>\n\t\t\t\t\t<\/div>\n\t\t\t\t<\/div>\n\t\t<div class=\"elementor-element elementor-element-4226563 elementor-hidden-mobile e-flex e-con-boxed e-con e-parent\" data-id=\"4226563\" data-element_type=\"container\" data-e-type=\"container\">\n\t\t\t\t\t<div class=\"e-con-inner\">\n\t\t\t\t<div class=\"elementor-element elementor-element-525a700 elementor-widget elementor-widget-text-editor\" data-id=\"525a700\" data-element_type=\"widget\" data-e-type=\"widget\" data-widget_type=\"text-editor.default\">\n\t\t\t\t<div class=\"elementor-widget-container\">\n\t\t\t\t\t\t\t\t\t<p>Pour information et\/ou r\u00e9servation <\/p><p><strong>+ 39 347.5947151<\/strong><\/p><p>ou \u00e9crivez \u00e0<\/p><p><strong><a href=\"mailto:bergamoaltasuite@gmail.com\">  bergamoaltasuite@gmail.com<\/a><\/strong><\/p>\t\t\t\t\t\t\t\t<\/div>\n\t\t\t\t<\/div>\n\t\t\t\t\t<\/div>\n\t\t\t\t<\/div>\n\t\t\t\t<\/div>\n\t\t","protected":false},"excerpt":{"rendered":"<p>A partir de 350\u20ac la nuit (hors frais de m\u00e9nage et taxe de s\u00e9jour) vous aurez \u00e0 votre dispositionune maison au coeur de Bergame Alta avec 3 chambres et 9 lits. Pour information et\/ou r\u00e9servation + 39 347.5947151 ou \u00e9crivez \u00e0 bergamoaltasuite@gmail.com Pour information et\/ou r\u00e9servation + 39 347.5947151 ou \u00e9crivez \u00e0 bergamoaltasuite@gmail.com<\/p>\n","protected":false},"author":1,"featured_media":0,"parent":0,"menu_order":0,"comment_status":"closed","ping_status":"closed","template":"","meta":{"_seopress_robots_primary_cat":"","_seopress_titles_title":"","_seopress_titles_desc":"","_seopress_robots_index":"","footnotes":""},"class_list":["post-2941","page","type-page","status-publish","hentry"],"_links":{"self":[{"href":"https:\/\/bergamoaltasuite.it\/fr\/wp-json\/wp\/v2\/pages\/2941","targetHints":{"allow":["GET"]}}],"collection":[{"href":"https:\/\/bergamoaltasuite.it\/fr\/wp-json\/wp\/v2\/pages"}],"about":[{"href":"https:\/\/bergamoaltasuite.it\/fr\/wp-json\/wp\/v2\/types\/page"}],"author":[{"embeddable":true,"href":"https:\/\/bergamoaltasuite.it\/fr\/wp-json\/wp\/v2\/users\/1"}],"replies":[{"embeddable":true,"href":"https:\/\/bergamoaltasuite.it\/fr\/wp-json\/wp\/v2\/comments?post=2941"}],"version-history":[{"count":0,"href":"https:\/\/bergamoaltasuite.it\/fr\/wp-json\/wp\/v2\/pages\/2941\/revisions"}],"wp:attachment":[{"href":"https:\/\/bergamoaltasuite.it\/fr\/wp-json\/wp\/v2\/media?parent=2941"}],"curies":[{"name":"wp","href":"https:\/\/api.w.org\/{rel}","templated":true}]}}