{"id":1547,"date":"2019-10-18T14:08:47","date_gmt":"2019-10-18T14:08:47","guid":{"rendered":"https:\/\/bergamoaltasuite.it\/regles-de-la-maison\/"},"modified":"2024-05-11T18:51:13","modified_gmt":"2024-05-11T18:51:13","slug":"regles-de-la-maison","status":"publish","type":"page","link":"https:\/\/bergamoaltasuite.it\/fr\/regles-de-la-maison\/","title":{"rendered":"R\u00e8gles de la maison"},"content":{"rendered":"\t\t<div data-elementor-type=\"wp-page\" data-elementor-id=\"1547\" class=\"elementor elementor-1547 elementor-167\" data-elementor-post-type=\"page\">\n\t\t\t\t\t\t<section class=\"elementor-section elementor-top-section elementor-element elementor-element-8e9017d elementor-section-boxed elementor-section-height-default elementor-section-height-default\" data-id=\"8e9017d\" data-element_type=\"section\" data-e-type=\"section\">\n\t\t\t\t\t\t<div class=\"elementor-container elementor-column-gap-default\">\n\t\t\t\t\t<div class=\"elementor-column elementor-col-100 elementor-top-column elementor-element elementor-element-2d6aa5b\" data-id=\"2d6aa5b\" data-element_type=\"column\" data-e-type=\"column\">\n\t\t\t<div class=\"elementor-widget-wrap elementor-element-populated\">\n\t\t\t\t\t\t<div class=\"elementor-element elementor-element-f5c3faa elementor-widget elementor-widget-text-editor\" data-id=\"f5c3faa\" data-element_type=\"widget\" data-e-type=\"widget\" data-widget_type=\"text-editor.default\">\n\t\t\t\t<div class=\"elementor-widget-container\">\n\t\t\t\t\t\t\t\t\t<p class=\"entry-title\">R\u00e8gles de la maison<\/p>\n\t\t\t\t\t\t\t\t<\/div>\n\t\t\t\t<\/div>\n\t\t\t\t\t<\/div>\n\t\t<\/div>\n\t\t\t\t\t<\/div>\n\t\t<\/section>\n\t\t\t\t<section class=\"elementor-section elementor-top-section elementor-element elementor-element-23e9ad40 elementor-section-boxed elementor-section-height-default elementor-section-height-default\" data-id=\"23e9ad40\" data-element_type=\"section\" data-e-type=\"section\">\n\t\t\t\t\t\t<div class=\"elementor-container elementor-column-gap-default\">\n\t\t\t\t\t<div class=\"elementor-column elementor-col-100 elementor-top-column elementor-element elementor-element-5c6b3b20\" data-id=\"5c6b3b20\" data-element_type=\"column\" data-e-type=\"column\">\n\t\t\t<div class=\"elementor-widget-wrap elementor-element-populated\">\n\t\t\t\t\t\t<div class=\"elementor-element elementor-element-173f8d67 elementor-widget elementor-widget-text-editor\" data-id=\"173f8d67\" data-element_type=\"widget\" data-e-type=\"widget\" data-widget_type=\"text-editor.default\">\n\t\t\t\t<div class=\"elementor-widget-container\">\n\t\t\t\t\t\t\t\t\t<p><\/p>\n<p>ENREGISTREMENT de 14h00 \u00e0 22h00<\/p>\n<p><\/p>\n<p><\/p>\n<p>D\u00c9PART avant 10h00<\/p>\n<p><\/p>\n<p><\/p>\n<p>Il est interdit de fumer \u00e0 l&rsquo;int\u00e9rieur de la maison.<br>Il n&rsquo;est pas permis d&rsquo;organiser des f\u00eates\/\u00e9v\u00e9nements. <br>Animaux non admis sauf accord avec suppl\u00e9ment.<\/p>\n<p><\/p>\t\t\t\t\t\t\t\t<\/div>\n\t\t\t\t<\/div>\n\t\t\t\t\t<\/div>\n\t\t<\/div>\n\t\t\t\t\t<\/div>\n\t\t<\/section>\n\t\t\t\t<section class=\"elementor-section elementor-top-section elementor-element elementor-element-9d29028 elementor-section-boxed elementor-section-height-default elementor-section-height-default\" data-id=\"9d29028\" data-element_type=\"section\" data-e-type=\"section\">\n\t\t\t\t\t\t<div class=\"elementor-container elementor-column-gap-default\">\n\t\t\t\t\t<div class=\"elementor-column elementor-col-100 elementor-top-column elementor-element elementor-element-bb6307c\" data-id=\"bb6307c\" data-element_type=\"column\" data-e-type=\"column\">\n\t\t\t<div class=\"elementor-widget-wrap elementor-element-populated\">\n\t\t\t\t\t\t<div class=\"elementor-element elementor-element-b5e1247 elementor-widget elementor-widget-image\" data-id=\"b5e1247\" data-element_type=\"widget\" data-e-type=\"widget\" data-widget_type=\"image.default\">\n\t\t\t\t<div class=\"elementor-widget-container\">\n\t\t\t\t\t\t\t\t\t\t\t\t\t\t\t<img alt=\"\" fetchpriority=\"high\" decoding=\"async\" width=\"460\" height=\"156\" src=\"https:\/\/bergamoaltasuite.it\/wp-content\/uploads\/2020\/12\/VisitBergamoSicura.jpg\" class=\"attachment-large size-large wp-image-550\" alt=\"\" srcset=\"https:\/\/bergamoaltasuite.it\/wp-content\/uploads\/2020\/12\/VisitBergamoSicura.jpg 460w, https:\/\/bergamoaltasuite.it\/wp-content\/uploads\/2020\/12\/VisitBergamoSicura-300x102.jpg 300w, https:\/\/bergamoaltasuite.it\/wp-content\/uploads\/2020\/12\/VisitBergamoSicura-230x78.jpg 230w, https:\/\/bergamoaltasuite.it\/wp-content\/uploads\/2020\/12\/VisitBergamoSicura-350x119.jpg 350w\" sizes=\"(max-width: 460px) 100vw, 460px\" \/>\t\t\t\t\t\t\t\t\t\t\t\t\t\t\t<\/div>\n\t\t\t\t<\/div>\n\t\t\t\t\t<\/div>\n\t\t<\/div>\n\t\t\t\t\t<\/div>\n\t\t<\/section>\n\t\t\t\t<\/div>\n\t\t","protected":false},"excerpt":{"rendered":"<p>R\u00e8gles de la maison ENREGISTREMENT de 14h00 \u00e0 22h00 D\u00c9PART avant 10h00 Il est interdit de fumer \u00e0 l&rsquo;int\u00e9rieur de la maison.Il n&rsquo;est pas permis d&rsquo;organiser des f\u00eates\/\u00e9v\u00e9nements. Animaux non admis sauf accord avec suppl\u00e9ment.<\/p>\n","protected":false},"author":1,"featured_media":0,"parent":0,"menu_order":0,"comment_status":"closed","ping_status":"closed","template":"","meta":{"_seopress_robots_primary_cat":"","_seopress_titles_title":"","_seopress_titles_desc":"","_seopress_robots_index":"","footnotes":""},"class_list":["post-1547","page","type-page","status-publish","hentry"],"_links":{"self":[{"href":"https:\/\/bergamoaltasuite.it\/fr\/wp-json\/wp\/v2\/pages\/1547","targetHints":{"allow":["GET"]}}],"collection":[{"href":"https:\/\/bergamoaltasuite.it\/fr\/wp-json\/wp\/v2\/pages"}],"about":[{"href":"https:\/\/bergamoaltasuite.it\/fr\/wp-json\/wp\/v2\/types\/page"}],"author":[{"embeddable":true,"href":"https:\/\/bergamoaltasuite.it\/fr\/wp-json\/wp\/v2\/users\/1"}],"replies":[{"embeddable":true,"href":"https:\/\/bergamoaltasuite.it\/fr\/wp-json\/wp\/v2\/comments?post=1547"}],"version-history":[{"count":0,"href":"https:\/\/bergamoaltasuite.it\/fr\/wp-json\/wp\/v2\/pages\/1547\/revisions"}],"wp:attachment":[{"href":"https:\/\/bergamoaltasuite.it\/fr\/wp-json\/wp\/v2\/media?parent=1547"}],"curies":[{"name":"wp","href":"https:\/\/api.w.org\/{rel}","templated":true}]}}