{"id":1496,"date":"2019-10-18T13:40:00","date_gmt":"2019-10-18T13:40:00","guid":{"rendered":"https:\/\/bergamoaltasuite.it\/comment-nous-joindre\/"},"modified":"2024-05-10T19:10:09","modified_gmt":"2024-05-10T19:10:09","slug":"comment-nous-joindre","status":"publish","type":"page","link":"https:\/\/bergamoaltasuite.it\/fr\/comment-nous-joindre\/","title":{"rendered":"Comment nous joindre"},"content":{"rendered":"\t\t<div data-elementor-type=\"wp-page\" data-elementor-id=\"1496\" class=\"elementor elementor-1496 elementor-154\" data-elementor-post-type=\"page\">\n\t\t\t\t\t\t<section class=\"elementor-section elementor-top-section elementor-element elementor-element-aedf6b6 elementor-section-boxed elementor-section-height-default elementor-section-height-default\" data-id=\"aedf6b6\" data-element_type=\"section\" data-e-type=\"section\">\n\t\t\t\t\t\t<div class=\"elementor-container elementor-column-gap-default\">\n\t\t\t\t\t<div class=\"elementor-column elementor-col-100 elementor-top-column elementor-element elementor-element-f9b5cef\" data-id=\"f9b5cef\" data-element_type=\"column\" data-e-type=\"column\">\n\t\t\t<div class=\"elementor-widget-wrap elementor-element-populated\">\n\t\t\t\t\t\t<div class=\"elementor-element elementor-element-897f47b elementor-widget elementor-widget-text-editor\" data-id=\"897f47b\" data-element_type=\"widget\" data-e-type=\"widget\" data-widget_type=\"text-editor.default\">\n\t\t\t\t<div class=\"elementor-widget-container\">\n\t\t\t\t\t\t\t\t\t<p class=\"entry-title\">Comment nous joindre<\/p>\n\t\t\t\t\t\t\t\t<\/div>\n\t\t\t\t<\/div>\n\t\t\t\t\t<\/div>\n\t\t<\/div>\n\t\t\t\t\t<\/div>\n\t\t<\/section>\n\t\t\t\t<section class=\"elementor-section elementor-top-section elementor-element elementor-element-14a1899a elementor-section-boxed elementor-section-height-default elementor-section-height-default\" data-id=\"14a1899a\" data-element_type=\"section\" data-e-type=\"section\">\n\t\t\t\t\t\t<div class=\"elementor-container elementor-column-gap-default\">\n\t\t\t\t\t<div class=\"elementor-column elementor-col-100 elementor-top-column elementor-element elementor-element-1373a78\" data-id=\"1373a78\" data-element_type=\"column\" data-e-type=\"column\">\n\t\t\t<div class=\"elementor-widget-wrap elementor-element-populated\">\n\t\t\t\t\t\t<div class=\"elementor-element elementor-element-27833152 elementor-widget elementor-widget-text-editor\" data-id=\"27833152\" data-element_type=\"widget\" data-e-type=\"widget\" data-widget_type=\"text-editor.default\">\n\t\t\t\t<div class=\"elementor-widget-container\">\n\t\t\t\t\t\t\t\t\t\n<p><strong>EN VOITURE<\/strong> : on y acc\u00e8de par l&rsquo;autoroute A4 (MILAN\/VENISE), sortie Bergame.<br>Suivez les indications pour Citt\u00e0 Alta.<\/p>\n\n<p><strong>EN BUS<\/strong> : arriv\u00e9e \u00e0 la gare routi\u00e8re de Bergame avec bus autoroutier.<br>Bergamo Alta est accessible par le bus ATB (ligne 1) qui m\u00e8ne \u00e0 la station inf\u00e9rieure du<br>funiculaire, par lequel vous arrivez \u00e0 Bergamo Alta.<\/p>\n\n<p><strong>EN TRAIN<\/strong> : un bus ATB (Ligne 1) part de la gare toutes les dix minutes.<\/p>\n\n<p><strong>EN AVION<\/strong> : L&rsquo;a\u00e9roport international de Milan Bergame, \u00e0 seulement 5 kilom\u00e8tres de la ville, est desservi par plusieurs <br>lignes nationales et internationales et est reli\u00e9 \u00e0 la ville par un service de navette tr\u00e8s<br>fr\u00e9quent.<\/p>\n\t\t\t\t\t\t\t\t<\/div>\n\t\t\t\t<\/div>\n\t\t\t\t\t<\/div>\n\t\t<\/div>\n\t\t\t\t\t<\/div>\n\t\t<\/section>\n\t\t\t\t<section class=\"elementor-section elementor-top-section elementor-element elementor-element-02f2033 elementor-section-boxed elementor-section-height-default elementor-section-height-default\" data-id=\"02f2033\" data-element_type=\"section\" data-e-type=\"section\">\n\t\t\t\t\t\t<div class=\"elementor-container elementor-column-gap-default\">\n\t\t\t\t\t<div class=\"elementor-column elementor-col-100 elementor-top-column elementor-element elementor-element-b68b5ef\" data-id=\"b68b5ef\" data-element_type=\"column\" data-e-type=\"column\">\n\t\t\t<div class=\"elementor-widget-wrap elementor-element-populated\">\n\t\t\t\t\t\t<div class=\"elementor-element elementor-element-ca0d810 elementor-widget elementor-widget-google_maps\" data-id=\"ca0d810\" data-element_type=\"widget\" data-e-type=\"widget\" data-widget_type=\"google_maps.default\">\n\t\t\t\t<div class=\"elementor-widget-container\">\n\t\t\t\t\t\t\t<div class=\"elementor-custom-embed\">\n\t\t\t<iframe loading=\"lazy\"\n\t\t\t\t\tsrc=\"https:\/\/maps.google.com\/maps?q=Bergamo%20Alta%20Suite%2C%20via%20Bartolomeo%20Colleoni%2C%2010%2024129%20Bergamo%20BG&#038;t=m&#038;z=12&#038;output=embed&#038;iwloc=near\"\n\t\t\t\t\ttitle=\"Bergamo Alta Suite, via Bartolomeo Colleoni, 10 24129 Bergamo BG\"\n\t\t\t\t\taria-label=\"Bergamo Alta Suite, via Bartolomeo Colleoni, 10 24129 Bergamo BG\"\n\t\t\t><\/iframe>\n\t\t<\/div>\n\t\t\t\t\t\t<\/div>\n\t\t\t\t<\/div>\n\t\t\t\t\t<\/div>\n\t\t<\/div>\n\t\t\t\t\t<\/div>\n\t\t<\/section>\n\t\t\t\t<\/div>\n\t\t","protected":false},"excerpt":{"rendered":"<p>Comment nous joindre EN VOITURE : on y acc\u00e8de par l&rsquo;autoroute A4 (MILAN\/VENISE), sortie Bergame.Suivez les indications pour Citt\u00e0 Alta. EN BUS : arriv\u00e9e \u00e0 la gare routi\u00e8re de Bergame avec bus autoroutier.Bergamo Alta est accessible par le bus ATB (ligne 1) qui m\u00e8ne \u00e0 la station inf\u00e9rieure dufuniculaire, par lequel vous arrivez \u00e0 Bergamo [&hellip;]<\/p>\n","protected":false},"author":1,"featured_media":0,"parent":0,"menu_order":0,"comment_status":"closed","ping_status":"closed","template":"","meta":{"_seopress_robots_primary_cat":"","_seopress_titles_title":"","_seopress_titles_desc":"","_seopress_robots_index":"","footnotes":""},"class_list":["post-1496","page","type-page","status-publish","hentry"],"_links":{"self":[{"href":"https:\/\/bergamoaltasuite.it\/fr\/wp-json\/wp\/v2\/pages\/1496","targetHints":{"allow":["GET"]}}],"collection":[{"href":"https:\/\/bergamoaltasuite.it\/fr\/wp-json\/wp\/v2\/pages"}],"about":[{"href":"https:\/\/bergamoaltasuite.it\/fr\/wp-json\/wp\/v2\/types\/page"}],"author":[{"embeddable":true,"href":"https:\/\/bergamoaltasuite.it\/fr\/wp-json\/wp\/v2\/users\/1"}],"replies":[{"embeddable":true,"href":"https:\/\/bergamoaltasuite.it\/fr\/wp-json\/wp\/v2\/comments?post=1496"}],"version-history":[{"count":0,"href":"https:\/\/bergamoaltasuite.it\/fr\/wp-json\/wp\/v2\/pages\/1496\/revisions"}],"wp:attachment":[{"href":"https:\/\/bergamoaltasuite.it\/fr\/wp-json\/wp\/v2\/media?parent=1496"}],"curies":[{"name":"wp","href":"https:\/\/api.w.org\/{rel}","templated":true}]}}